{"id":536,"date":"2023-09-28T15:34:55","date_gmt":"2023-09-28T13:34:55","guid":{"rendered":"http:\/\/ozsinter.sk\/?page_id=536"},"modified":"2024-01-08T21:55:57","modified_gmt":"2024-01-08T20:55:57","slug":"sezona-2023-2024","status":"publish","type":"page","link":"https:\/\/ozsinter.sk\/?page_id=536","title":{"rendered":"sez\u00f3na 2023\/2024"},"content":{"rendered":"\n<p><\/p>\n\n\n\n<p><\/p>\n\n\n\n<p>po\u010det dru\u017estiev: 9<br>z toho s\u00fa\u0165a\u017ee SBA: 7<br>po\u010det hr\u00e1\u010dov:&nbsp; 115<br>po\u010det tr\u00e9nerov:&nbsp;9<\/p>\n\n\n\n<figure class=\"wp-block-image size-large\"><img fetchpriority=\"high\" decoding=\"async\" width=\"1024\" height=\"512\" src=\"http:\/\/ozsinter.sk\/wp-content\/uploads\/2023\/10\/spolocna-1024x512.jpg\" alt=\"\" class=\"wp-image-696\" srcset=\"https:\/\/ozsinter.sk\/wp-content\/uploads\/2023\/10\/spolocna-1024x512.jpg 1024w, https:\/\/ozsinter.sk\/wp-content\/uploads\/2023\/10\/spolocna-300x150.jpg 300w, https:\/\/ozsinter.sk\/wp-content\/uploads\/2023\/10\/spolocna-768x384.jpg 768w, https:\/\/ozsinter.sk\/wp-content\/uploads\/2023\/10\/spolocna-1536x768.jpg 1536w, https:\/\/ozsinter.sk\/wp-content\/uploads\/2023\/10\/spolocna-2048x1024.jpg 2048w\" sizes=\"(max-width: 1024px) 100vw, 1024px\" \/><\/figure>\n\n\n\n<p><\/p>\n\n\n\n<p><\/p>\n\n\n\n<p><\/p>\n\n\n\n<p><\/p>\n\n\n\n<p><\/p>\n\n\n\n<p><\/p>\n","protected":false},"excerpt":{"rendered":"<p>po\u010det dru\u017estiev: 9z toho s\u00fa\u0165a\u017ee SBA: 7po\u010det hr\u00e1\u010dov:&nbsp; 115po\u010det tr\u00e9nerov:&nbsp;9<\/p>\n","protected":false},"author":3,"featured_media":0,"parent":0,"menu_order":0,"comment_status":"closed","ping_status":"closed","template":"","meta":{"footnotes":""},"class_list":["post-536","page","type-page","status-publish","hentry"],"_links":{"self":[{"href":"https:\/\/ozsinter.sk\/index.php?rest_route=\/wp\/v2\/pages\/536","targetHints":{"allow":["GET"]}}],"collection":[{"href":"https:\/\/ozsinter.sk\/index.php?rest_route=\/wp\/v2\/pages"}],"about":[{"href":"https:\/\/ozsinter.sk\/index.php?rest_route=\/wp\/v2\/types\/page"}],"author":[{"embeddable":true,"href":"https:\/\/ozsinter.sk\/index.php?rest_route=\/wp\/v2\/users\/3"}],"replies":[{"embeddable":true,"href":"https:\/\/ozsinter.sk\/index.php?rest_route=%2Fwp%2Fv2%2Fcomments&post=536"}],"version-history":[{"count":5,"href":"https:\/\/ozsinter.sk\/index.php?rest_route=\/wp\/v2\/pages\/536\/revisions"}],"predecessor-version":[{"id":894,"href":"https:\/\/ozsinter.sk\/index.php?rest_route=\/wp\/v2\/pages\/536\/revisions\/894"}],"wp:attachment":[{"href":"https:\/\/ozsinter.sk\/index.php?rest_route=%2Fwp%2Fv2%2Fmedia&parent=536"}],"curies":[{"name":"wp","href":"https:\/\/api.w.org\/{rel}","templated":true}]}}